{"id":11,"date":"2016-08-17T07:33:59","date_gmt":"2016-08-17T07:33:59","guid":{"rendered":"http:\/\/sw-themes.com\/porto_dummy\/restaurant\/?page_id=11"},"modified":"2021-11-15T15:31:52","modified_gmt":"2021-11-15T12:31:52","slug":"about","status":"publish","type":"page","link":"https:\/\/susemp2021.atauni.edu.tr\/index.php\/about\/","title":{"rendered":"KAYIT"},"content":{"rendered":"<p>[vc_row parallax=&#8221;content-moving&#8221; parallax_image=&#8221;32&#8243; bg_image_repeat=&#8221;no-repeat&#8221;][vc_column][vc_custom_heading text=&#8221;<strong>Atat\u00fcrk \u00dcniversitesi Su \u00dcr\u00fcnleri Fak\u00fcltesi<\/strong>&#8221; font_container=&#8221;tag:h2|font_size:36|text_align:center&#8221; use_theme_fonts=&#8221;yes&#8221; skin=&#8221;light&#8221; el_class=&#8221;m-t-xlg p-b-xlg p-t-xlg m-b-xlg&#8221;][\/vc_column][\/vc_row][vc_row wrap_container=&#8221;yes&#8221; el_class=&#8221;p-t-xxl p-b-md&#8221;][vc_column][vc_custom_heading text=&#8221;Anadolu&#8217;nun zirvesi Erzurum&#8217;da bulu\u015fal\u0131m&#8221; use_theme_fonts=&#8221;yes&#8221;][vc_column_text el_class=&#8221;lead&#8221;]<strong>Tam metin sunumlar\u0131n\u0131z\u0131 susemp2021@atauni.edu.tr adresine 30Kas\u0131m 2021 mesai bitimine kadar g\u00f6nderebilirsiniz.<\/strong><\/p>\n<p><strong><a href=\"http:\/\/susemp2021.atauni.edu.tr\/wp-content\/uploads\/2021\/11\/Tam-Metin-Bildiri-Hazirlama-Rehberi-ve-Sablonu.doc\">Tam-Metin-Bildiri-Haz\u0131rlama-Rehberi-ve-\u015eablonu<\/a><\/strong><\/p>\n<p>[\/vc_column_text][vc_column_text]<strong>*Sempozyumda sunulacak bildiriler hakem kurulunun kabul onay\u0131na (peer review-akran\/yarg\u0131c\u0131 de\u011ferlendirmesi, blind review-gizli de\u011ferlendirme) g\u00f6re belirlenecektir.Makale kabul\u00fc hakem de\u011ferlendirmesinden ge\u00e7tikten sonra yap\u0131lacakt\u0131r.<\/strong><\/p>\n<p><strong>*Bir ara\u015ft\u0131rmac\u0131 en fazla 2 adet sunum (poster, bildiri) ile sorumlu yazar olarak ba\u015fvurabilir.<\/strong><\/p>\n<div id=\"comp-k1i4gos6\" class=\"_1Q9if\" data-testid=\"richTextElement\">\n<h2 class=\"font_2\"><span class=\"color_15\">\u00d6ZET\/ POSTER G\u00d6NDER\u0130S\u0130<\/span><\/h2>\n<\/div>\n<div id=\"comp-k1i4gosi\" class=\"_1Q9if\" data-testid=\"richTextElement\">\n<p class=\"font_8\">\u00d6ZET YAZIM KURALLARI<\/p>\n<p class=\"font_8\"><span class=\"wixGuard\">\u200b<\/span><\/p>\n<p class=\"font_8\">1- \u00d6zetiniz en az 200 en \u00e7ok 400 kelime olmal\u0131d\u0131r<\/p>\n<p class=\"font_8\">2- En az 3-5 anahtar kelime olmal\u0131d\u0131r<\/p>\n<p class=\"font_8\">3- Times New Roman 12 punto, 1.25 sat\u0131r aral\u0131\u011f\u0131 ile yaz\u0131lmal\u0131d\u0131r<\/p>\n<p class=\"font_8\">4- \u00dcnvan, Yazar ad\u0131 soyad\u0131, kurum ve email adresleri, ORCID ba\u015fl\u0131\u011f\u0131n alt\u0131na yaz\u0131lmal\u0131d\u0131r<\/p>\n<p class=\"font_8\">5- \u0130ngilizce \u00f6zet \u015fart\u0131 bulunmamaktad\u0131r<\/p>\n<p class=\"font_8\">\u200b<\/p>\n<p class=\"font_8\">\u00d6zetinizi en ge\u00e7\u00a0<span class=\"color_15\">10 Kas\u0131m 2021<\/span>\u00a0tarihine kadar doc\/word format\u0131nda\u00a0<a href=\"mailto:erciyeskongresi@gmail.com\" target=\"_self\" rel=\"noopener\"><span class=\"color_15\">susemp2021@atauni.edu.tr<\/span><\/a><\/p>\n<p class=\"font_8\">adresine g\u00f6ndermeniz gerekmektedir.<\/p>\n<p class=\"font_8\">D\u0130KKAT<\/p>\n<p class=\"font_8\">Bildiri \u00f6zet ve tam metinlerinizi g\u00f6nderirken l\u00fctfen ORCID numaran\u0131z\u0131 ekleyiniz<\/p>\n<p class=\"font_8\">POSTER YAZIM KURALLARI<\/p>\n<p class=\"font_8\"><span class=\"wixGuard\">\u200b<\/span><\/p>\n<ul class=\"font_8\">\n<li>\n<p class=\"font_8\">70 cm en x 90 cm boy boyutlar\u0131nda, dik olarak ve en az 1 metre uzakl\u0131ktan okunabilecek \u015fekilde haz\u0131rlanmal\u0131d\u0131r.<\/p>\n<\/li>\n<li>\n<p class=\"font_8\">\u00dcst, alt, sol ve sa\u011f kenarlarda 2,5 cm bo\u015fluk b\u0131rak\u0131lmal\u0131d\u0131r.<\/p>\n<\/li>\n<li>\n<p class=\"font_8\">Poster Ad\u0131 \u201cTimes New Roman\u201d karakterinde, 36 punto ve koyu yaz\u0131lmal\u0131d\u0131r.<\/p>\n<\/li>\n<li>\n<p class=\"font_8\">Yazar Ad(lar)\u0131 \u201cTimes New Roman\u201d karakterinde 24 punto ve koyu yaz\u0131lmal\u0131d\u0131r.<\/p>\n<\/li>\n<li>\n<p class=\"font_8\">Yazar adres(ler)i \u201cTimes New Roman\u201d karakterinde 16 punto yaz\u0131lmal\u0131d\u0131r.<\/p>\n<\/li>\n<li>\n<p class=\"font_8\">Metin ba\u015fl\u0131klar\u0131 \u201cTimes New Roman\u201d karakterinde 20 punto ve koyu yaz\u0131lmal\u0131d\u0131r.<\/p>\n<\/li>\n<li>\n<p class=\"font_8\">Metin \u201cTimes New Roman\u201d Karakterinde 18 punto yaz\u0131lmal\u0131d\u0131r.<\/p>\n<\/li>\n<li>\n<p class=\"font_8\">Poster \u00f6zeti g\u00f6nderimi s\u0131ras\u0131nda tablo veya fig\u00fcr kullan\u0131lamaz.<\/p>\n<\/li>\n<\/ul>\n<\/div>\n<p><strong>*Ara\u015ft\u0131rmac\u0131lar\u0131n\/kat\u0131l\u0131mc\u0131lar\u0131n sunum t\u00fcrlerini (poster, bildiri) sempozyum g\u00f6nderim panelinde bulunan \u201ca\u00e7\u0131klamalar\u201d k\u0131sm\u0131nda belirtmeleri gerekmektedir.<\/strong><\/p>\n<p><strong>*Kabul Yaz\u0131s\u0131 G\u00f6nderim Tarihi: Bilim kurulunca kabul edilen bildiriler i\u00e7in Kabul Yaz\u0131s\u0131, en k\u0131sa s\u00fcrede kat\u0131l\u0131mc\u0131lara g\u00f6nderilecektir.<\/strong><\/p>\n<p><strong>Bildiriler kat\u0131l\u0131mc\u0131lar\u0131n talep etmeleri durumunda hakem de\u011ferlendirmelerinden ge\u00e7tikten sonra isteyen kat\u0131l\u0131mc\u0131lar\u0131m\u0131z\u0131n sunumlar\u0131 Trout Journal of Ataturk University isimli ulusal hakemli dergide tam metin olarak yay\u0131nlanacakt\u0131r.<\/strong><\/p>\n<p><strong>\u00a0<\/strong><\/p>\n<table>\n<tbody>\n<tr>\n<td width=\"201\"><strong>KATILIMCILAR<\/strong><\/p>\n<p><strong>\u00a0<\/strong><\/td>\n<td width=\"201\"><strong>\u00d6\u011eRENC\u0130<\/strong><\/p>\n<p><strong>\u00a0<\/strong><\/td>\n<td width=\"201\"><strong>REFAKAT\u00c7\u0130<\/strong><\/p>\n<p><strong>\u00a0<\/strong><\/td>\n<\/tr>\n<tr>\n<td width=\"201\"><strong>ERKEN KAYIT:\u00a0\u00a0 \u20ba<\/strong><\/p>\n<p><strong>\u00a0<\/strong><\/td>\n<td width=\"201\"><strong>ERKEN KAYIT:\u00a0\u00a0 \u20ba<\/strong><\/p>\n<p><strong>\u00a0<\/strong><\/td>\n<td width=\"201\"><strong>ERKEN KAYIT:\u00a0\u00a0 \u20ba<\/strong><\/p>\n<p><strong>\u00a0<\/strong><\/td>\n<\/tr>\n<tr>\n<td width=\"201\"><strong>GE\u00c7 KAYIT: \u20ba<\/strong><\/p>\n<p><strong>\u00a0<\/strong><\/td>\n<td width=\"201\"><strong>GE\u00c7 KAYIT: \u20ba<\/strong><\/p>\n<p><strong>\u00a0<\/strong><\/td>\n<td width=\"201\"><strong>GE\u00c7 KAYIT: \u20ba<\/strong><\/p>\n<p><strong>\u00a0<\/strong><\/td>\n<\/tr>\n<tr>\n<td width=\"201\"><strong>Kat\u0131l\u0131m Sertifikas\u0131<\/strong><\/p>\n<p><strong>\u00a0<\/strong><\/td>\n<td width=\"201\"><strong>Kat\u0131l\u0131m Sertifikas\u0131<\/strong><\/p>\n<p><strong>\u00a0<\/strong><\/td>\n<td width=\"201\"><strong>Kat\u0131l\u0131m Sertifikas\u0131<\/strong><\/p>\n<p><strong>\u00a0<\/strong><\/td>\n<\/tr>\n<tr>\n<td width=\"201\"><strong>Sempozyum Materyali<\/strong><\/p>\n<p><strong>\u00a0<\/strong><\/td>\n<td width=\"201\"><strong>Sempozyum Materyali<\/strong><\/p>\n<p><strong>\u00a0<\/strong><\/td>\n<td width=\"201\"><strong>Sempozyum Materyali<\/strong><\/p>\n<p><strong>\u00a0<\/strong><\/td>\n<\/tr>\n<tr>\n<td width=\"201\"><strong>Kahve Molalar\u0131<\/strong><\/p>\n<p><strong>\u00a0<\/strong><\/td>\n<td width=\"201\"><strong>Kahve Molalar\u0131<\/strong><\/p>\n<p><strong>\u00a0<\/strong><\/td>\n<td width=\"201\"><strong>Kahve Molalar\u0131<\/strong><\/p>\n<p><strong>\u00a0<\/strong><\/td>\n<\/tr>\n<tr>\n<td width=\"201\"><strong>\u00d6\u011fle Yemekleri<\/strong><\/p>\n<p><strong>\u00a0<\/strong><\/td>\n<td width=\"201\"><strong>\u00d6\u011fle Yemekleri<\/strong><\/p>\n<p><strong>\u00a0<\/strong><\/td>\n<td width=\"201\"><strong>\u00d6\u011fle Yemekleri<\/strong><\/p>\n<p><strong>\u00a0<\/strong><\/td>\n<\/tr>\n<tr>\n<td width=\"201\"><strong>Gala Yeme\u011fi<\/strong><\/p>\n<p><strong>\u00a0<\/strong><\/td>\n<td width=\"201\"><strong>Gala Yeme\u011fi<\/strong><\/p>\n<p><strong>\u00a0<\/strong><\/td>\n<td width=\"201\"><strong>Gala Yeme\u011fi<\/strong><\/p>\n<p><strong>\u00a0<\/strong><\/td>\n<\/tr>\n<\/tbody>\n<\/table>\n<p><strong>Sempozyum Tarihi:<\/strong><\/p>\n<p><strong>15-16 Kas\u0131m 2021<\/strong><\/p>\n<p>[\/vc_column_text][\/vc_column][\/vc_row][vc_row wrap_container=&#8221;yes&#8221; text_align=&#8221;center&#8221; is_section=&#8221;yes&#8221; remove_margin_top=&#8221;yes&#8221; remove_margin_bottom=&#8221;yes&#8221;][vc_column][vc_custom_heading text=&#8221;Get in <strong>(SUSEMP 2021)<br \/>\n21-23 EYL\u00dcL 2021<br \/>\n<\/strong>&#8221; font_container=&#8221;tag:h4|text_align:center&#8221; use_theme_fonts=&#8221;yes&#8221; el_class=&#8221;m-t-md m-b-sm&#8221;][vc_column_text]<\/p>\n<h3>21. Ulusal Su \u00dcr\u00fcnleri Sempozyumu<\/h3>\n<h1 data-wow-delay=\"0.1s\">Sayg\u0131de\u011fer Kat\u0131l\u0131mc\u0131lar,<\/h1>\n<p>&nbsp;<\/p>\n<p class=\"slider-excerpt\">Atat\u00fcrk \u00dcniversitesi Su \u00dcr\u00fcnleri Fak\u00fcltesi taraf\u0131ndan 21-23 Eyl\u00fcl 2021 tarihlerinde ger\u00e7ekle\u015ftirilecek olan 21. Ulusal Su \u00dcr\u00fcnleri Sempozyumu\u2019na ev sahipli\u011fi yapacak olman\u0131n onuru ve heyecan\u0131 i\u00e7erisindeyiz.<\/p>\n<p class=\"eventwhen\">21-23 Eyl\u00fcl 2021<\/p>\n<p class=\"eventwhere\">Erzurum, T\u00fcrkiye<\/p>\n<p>[\/vc_column_text][vc_separator color=&#8221;custom&#8221; style=&#8221;pattern&#8221; pattern_repeat=&#8221;no-repeat&#8221; pattern_position=&#8221;center center&#8221; pattern_height=&#8221;16&#8243; gap=&#8221;taller&#8221; pattern=&#8221;26&#8243;][vc_custom_heading text=&#8221;MAKE A RESERVATION&#8221; font_container=&#8221;tag:h5|text_align:center&#8221; use_theme_fonts=&#8221;yes&#8221; el_class=&#8221;m-b-xs&#8221;][vc_column_text]<i class=\"fa fa-phone\"><\/i> (123) 456-789[\/vc_column_text][vc_custom_heading text=&#8221;VISIT US&#8221; font_container=&#8221;tag:h5|text_align:center&#8221; use_theme_fonts=&#8221;yes&#8221; el_class=&#8221;m-t-lg m-b-xs&#8221;][vc_column_text el_class=&#8221;m-b-md&#8221;]<i class=\"fa fa-map-marker\"><\/i> 123 Street Name, Porto[\/vc_column_text][\/vc_column][\/vc_row]<\/p>\n","protected":false},"excerpt":{"rendered":"<p>[vc_row parallax=&#8221;content-moving&#8221; parallax_image=&#8221;32&#8243; bg_image_repeat=&#8221;no-repeat&#8221;][vc_column][vc_custom_heading text=&#8221;Atat\u00fcrk \u00dcniversitesi Su \u00dcr\u00fcnleri Fak\u00fcltesi&#8221; font_container=&#8221;tag:h2|font_size:36|text_align:center&#8221; use_theme_fonts=&#8221;yes&#8221; skin=&#8221;light&#8221; el_class=&#8221;m-t-xlg p-b-xlg p-t-xlg m-b-xlg&#8221;][\/vc_column][\/vc_row][vc_row wrap_container=&#8221;yes&#8221; el_class=&#8221;p-t-xxl p-b-md&#8221;][vc_column][vc_custom_heading text=&#8221;Anadolu&#8217;nun zirvesi Erzurum&#8217;da bulu\u015fal\u0131m&#8221; use_theme_fonts=&#8221;yes&#8221;][vc_column_text el_class=&#8221;lead&#8221;]Tam metin sunumlar\u0131n\u0131z\u0131 susemp2021@atauni.edu.tr adresine 30Kas\u0131m 2021 mesai bitimine kadar g\u00f6nderebilirsiniz. Tam-Metin-Bildiri-Haz\u0131rlama-Rehberi-ve-\u015eablonu [\/vc_column_text][vc_column_text]*Sempozyumda sunulacak bildiriler hakem kurulunun kabul onay\u0131na (peer review-akran\/yarg\u0131c\u0131 de\u011ferlendirmesi, blind review-gizli de\u011ferlendirme) g\u00f6re belirlenecektir.Makale kabul\u00fc hakem de\u011ferlendirmesinden ge\u00e7tikten [&hellip;]<\/p>\n","protected":false},"author":1,"featured_media":0,"parent":0,"menu_order":0,"comment_status":"closed","ping_status":"closed","template":"","meta":{"footnotes":""},"class_list":["post-11","page","type-page","status-publish","hentry"],"_links":{"self":[{"href":"https:\/\/susemp2021.atauni.edu.tr\/index.php\/wp-json\/wp\/v2\/pages\/11","targetHints":{"allow":["GET"]}}],"collection":[{"href":"https:\/\/susemp2021.atauni.edu.tr\/index.php\/wp-json\/wp\/v2\/pages"}],"about":[{"href":"https:\/\/susemp2021.atauni.edu.tr\/index.php\/wp-json\/wp\/v2\/types\/page"}],"author":[{"embeddable":true,"href":"https:\/\/susemp2021.atauni.edu.tr\/index.php\/wp-json\/wp\/v2\/users\/1"}],"replies":[{"embeddable":true,"href":"https:\/\/susemp2021.atauni.edu.tr\/index.php\/wp-json\/wp\/v2\/comments?post=11"}],"version-history":[{"count":9,"href":"https:\/\/susemp2021.atauni.edu.tr\/index.php\/wp-json\/wp\/v2\/pages\/11\/revisions"}],"predecessor-version":[{"id":331,"href":"https:\/\/susemp2021.atauni.edu.tr\/index.php\/wp-json\/wp\/v2\/pages\/11\/revisions\/331"}],"wp:attachment":[{"href":"https:\/\/susemp2021.atauni.edu.tr\/index.php\/wp-json\/wp\/v2\/media?parent=11"}],"curies":[{"name":"wp","href":"https:\/\/api.w.org\/{rel}","templated":true}]}}