{"id":143,"date":"2016-08-17T03:48:14","date_gmt":"2016-08-17T03:48:14","guid":{"rendered":"http:\/\/sw-themes.com\/porto_dummy\/restaurant\/?page_id=143"},"modified":"2022-01-13T11:51:56","modified_gmt":"2022-01-13T08:51:56","slug":"home","status":"publish","type":"page","link":"https:\/\/susemp2021.atauni.edu.tr\/","title":{"rendered":"Home"},"content":{"rendered":"<p>[vc_row][vc_column][vc_column_text css_animation=&#8221;fadeInDown&#8221;]<\/p>\n<h1 style=\"text-align: center;\">SEMPOZYUM B\u0130LD\u0130R\u0130 K\u0130TABI<\/h1>\n<h1 style=\"text-align: center;\"><span style=\"font-size: 24px;\"><strong><a href=\"http:\/\/susemp2021.atauni.edu.tr\/wp-content\/uploads\/2022\/01\/21.-ULUSAL-SU-URUNLERI-SEMPOZYUM-KITABI-3-1.pdf\">21.-ULUSAL-SU-URUNLERI-SEMPOZYUM-KITABI-3<\/a><\/strong><\/span><\/h1>\n<h1 style=\"text-align: center;\"><span style=\"font-size: 24px;\"><strong>21. Ulusal Su \u00dcr\u00fcnleri Sempozyumu<\/strong><\/span><\/h1>\n<h1 style=\"text-align: center;\" data-wow-delay=\"0.1s\"><span style=\"font-size: 24px;\"><strong>\u00a0 \u00a0 \u00a0 \u00a0Sayg\u0131de\u011fer Kat\u0131l\u0131mc\u0131lar,<\/strong><\/span><\/h1>\n<p style=\"text-align: center;\"><span style=\"font-size: 24px;\">\u00a0 \u00a0 \u00a0 \u00a0 \u00a0<strong>Atat\u00fcrk \u00dcniversitesi Su \u00dcr\u00fcnleri Fak\u00fcltesi taraf\u0131ndan<\/strong><\/span><\/p>\n<h2 class=\"slider-excerpt\" style=\"text-align: center;\"><span style=\"font-size: 24px;\">\u00a0 \u00a0 \u00a0 \u00a0 \u00a0 \u00a0 21-23 Eyl\u00fcl 2021 tarihlerinde ger\u00e7ekle\u015ftirilecek olan <\/span><\/h2>\n<h2 class=\"slider-excerpt\" style=\"text-align: center;\"><span style=\"font-size: 24px;\">\u00a0 \u00a0 \u00a0 \u00a0 \u00a0 \u00a021. Ulusal Su \u00dcr\u00fcnleri Sempozyumu<\/span><\/h2>\n<h2 class=\"slider-excerpt\" style=\"text-align: center;\"><strong><span style=\"font-size: 24px;\">***PANDEM\u0130 \u015eARTLARINDAN DOLAYI 15-16 KASIM 2021 TAR\u0130HLER\u0130NDE ONL\u0130NE OLARAK YAPILACAKTIR<\/span><\/strong><\/h2>\n<h2 class=\"slider-excerpt\" style=\"text-align: center;\"><span style=\"font-size: 24px;\">BA\u015eVURU VE \u00d6ZET G\u00d6NDER\u0130M TAR\u0130H\u0130 10 KASIMA KADAR UZATILMI\u015eTIR.<\/span><\/h2>\n<h2 class=\"slider-excerpt\" style=\"text-align: center;\"><span style=\"font-size: 24px;\">KAYIT \u00dcCRET\u0130 BULUNMAMAKTADIR.<\/span><\/h2>\n<p>&nbsp;<\/p>\n<h2 class=\"eventwhen\" style=\"text-align: center;\"><span style=\"font-size: 24px;\">15-16 Kas\u0131m 2021<\/span><\/h2>\n<h2 class=\"eventwhere\" style=\"text-align: center;\"><span style=\"font-size: 24px;\">Erzurum, T\u00fcrkiye<\/span><\/h2>\n<p>[\/vc_column_text][vc_column_text]<\/p>\n<h1 style=\"text-align: center;\"><strong>\u00a0 \u00a0 \u00a0***Sempozyumun pandemi \u015fartlar\u0131ndan dolay\u0131 Online yap\u0131lacakt\u0131r. Sempozyum \u00fccreti bulunmamaktad\u0131r.<\/strong><\/h1>\n<h1 style=\"text-align: center;\">Son \u00d6zet G\u00f6nderim Tarihi: 10 Kas\u0131m 2021.<br \/>\nKabul Yaz\u0131s\u0131 G\u00f6nderim Tarihi: Bilim kurulunca kabul edilen bildiriler i\u00e7in Kabul Yaz\u0131s\u0131, beklenmeksizin kat\u0131l\u0131mc\u0131lara g\u00f6nderilecektir.<\/h1>\n<h1 style=\"text-align: center;\">\u00d6zet G\u00f6nderim ve ileti\u015fim e-mail Adresi: <span id=\"OBJ_PREFIX_DWT721_ZmEmailObjectHandler\" class=\"Object\" role=\"link\"><a href=\"mailto:susemp2021@atauni.edu.tr\" target=\"_blank\" rel=\"nofollow noopener noreferrer\">susemp2021@atauni.edu.tr<\/a><\/span><\/h1>\n<p>[\/vc_column_text][vc_column_inner width=&#8221;1\/3&#8243; animation_delay=&#8221;600&#8243; animation_type=&#8221;fadeInUp&#8221;][vc_gallery type=&#8221;image_grid&#8221; images=&#8221;280&#8243;][\/vc_column_inner][\/vc_column][\/vc_row][vc_row wrap_container=&#8221;yes&#8221;][vc_column][vc_column_text][\/vc_column_text][vc_separator color=&#8221;custom&#8221; style=&#8221;pattern&#8221; pattern_repeat=&#8221;no-repeat&#8221; pattern_position=&#8221;center center&#8221; pattern_height=&#8221;16&#8243; gap=&#8221;taller&#8221; pattern=&#8221;26&#8243;]<div class=\"porto-lightbox-container\"><div class=\"lightbox \" data-plugin-options=\"{&quot;delegate&quot;:&quot;a&quot;,&quot;type&quot;:&quot;image&quot;,&quot;gallery&quot;:{&quot;enabled&quot;:true}}\"><div class=\"porto-grid-container\"><div id=\"grid-0cddfjy1jqexhnwerkoxxunr0sn5y5w\" class=\" m-b-xl p-b-xl wpb_content_element clearfix\" data-plugin-masonry data-plugin-options='{\"layoutMode\":\"masonry\",\"masonry\":{\"columnWidth\":\".iso-column-class\"},\"itemSelector\":\".porto-grid-item\",\"animationEngine\":\"best-available\",\"resizable\":false}'><div class=\"porto-grid-item iso-column-class\" style=\"width:25%\"><\/div><div class=\"porto-grid-item iso-column-class\" style=\"width:25%\"><\/div><\/div><style scope=\"scope\">#grid-0cddfjy1jqexhnwerkoxxunr0sn5y5w .porto-grid-item { padding: 0%; }#grid-0cddfjy1jqexhnwerkoxxunr0sn5y5w { margin: -0% -0% 0%; }@media (max-width:480px) {#grid-0cddfjy1jqexhnwerkoxxunr0sn5y5w { height: auto !important }#grid-0cddfjy1jqexhnwerkoxxunr0sn5y5w .porto-grid-item:first-child { margin-top: 0 }#grid-0cddfjy1jqexhnwerkoxxunr0sn5y5w .porto-grid-item { width: 100% !important; position: static !important; float: none }}<\/style><\/div><\/div><\/div>[\/vc_column][\/vc_row][vc_row full_width=&#8221;stretch_row_content_no_spaces&#8221;][vc_column width=&#8221;1\/2&#8243; section_text_color=&#8221;dark&#8221; is_section=&#8221;yes&#8221; section_skin=&#8221;quaternary&#8221; remove_border=&#8221;yes&#8221; el_class=&#8221;p-b-lg padding-sm&#8221;][\/vc_column][vc_column width=&#8221;1\/2&#8243; section_text_color=&#8221;dark&#8221; is_section=&#8221;yes&#8221; section_skin=&#8221;tertiary&#8221; remove_border=&#8221;yes&#8221; el_class=&#8221;p-b-lg padding-sm&#8221;][\/vc_column][\/vc_row][vc_row wrap_container=&#8221;yes&#8221;][vc_column][vc_separator color=&#8221;custom&#8221; style=&#8221;pattern&#8221; pattern_repeat=&#8221;no-repeat&#8221; pattern_position=&#8221;center center&#8221; pattern_height=&#8221;16&#8243; gap=&#8221;taller&#8221; pattern=&#8221;26&#8243; el_class=&#8221;m-b-xxl&#8221;][\/vc_column][\/vc_row][vc_row][vc_column][\/vc_column][\/vc_row]<\/p>\n","protected":false},"excerpt":{"rendered":"<p>[vc_row][vc_column][vc_column_text css_animation=&#8221;fadeInDown&#8221;] SEMPOZYUM B\u0130LD\u0130R\u0130 K\u0130TABI 21.-ULUSAL-SU-URUNLERI-SEMPOZYUM-KITABI-3 21. Ulusal Su \u00dcr\u00fcnleri Sempozyumu \u00a0 \u00a0 \u00a0 \u00a0Sayg\u0131de\u011fer Kat\u0131l\u0131mc\u0131lar, \u00a0 \u00a0 \u00a0 \u00a0 \u00a0Atat\u00fcrk \u00dcniversitesi Su \u00dcr\u00fcnleri Fak\u00fcltesi taraf\u0131ndan \u00a0 \u00a0 \u00a0 \u00a0 \u00a0 \u00a0 21-23 Eyl\u00fcl 2021 tarihlerinde ger\u00e7ekle\u015ftirilecek olan \u00a0 \u00a0 \u00a0 \u00a0 \u00a0 \u00a021. Ulusal Su \u00dcr\u00fcnleri Sempozyumu ***PANDEM\u0130 \u015eARTLARINDAN DOLAYI 15-16 KASIM 2021 TAR\u0130HLER\u0130NDE [&hellip;]<\/p>\n","protected":false},"author":1,"featured_media":0,"parent":0,"menu_order":0,"comment_status":"closed","ping_status":"closed","template":"","meta":{"footnotes":""},"class_list":["post-143","page","type-page","status-publish","hentry"],"_links":{"self":[{"href":"https:\/\/susemp2021.atauni.edu.tr\/index.php\/wp-json\/wp\/v2\/pages\/143","targetHints":{"allow":["GET"]}}],"collection":[{"href":"https:\/\/susemp2021.atauni.edu.tr\/index.php\/wp-json\/wp\/v2\/pages"}],"about":[{"href":"https:\/\/susemp2021.atauni.edu.tr\/index.php\/wp-json\/wp\/v2\/types\/page"}],"author":[{"embeddable":true,"href":"https:\/\/susemp2021.atauni.edu.tr\/index.php\/wp-json\/wp\/v2\/users\/1"}],"replies":[{"embeddable":true,"href":"https:\/\/susemp2021.atauni.edu.tr\/index.php\/wp-json\/wp\/v2\/comments?post=143"}],"version-history":[{"count":53,"href":"https:\/\/susemp2021.atauni.edu.tr\/index.php\/wp-json\/wp\/v2\/pages\/143\/revisions"}],"predecessor-version":[{"id":377,"href":"https:\/\/susemp2021.atauni.edu.tr\/index.php\/wp-json\/wp\/v2\/pages\/143\/revisions\/377"}],"wp:attachment":[{"href":"https:\/\/susemp2021.atauni.edu.tr\/index.php\/wp-json\/wp\/v2\/media?parent=143"}],"curies":[{"name":"wp","href":"https:\/\/api.w.org\/{rel}","templated":true}]}}