{"id":158,"date":"2021-02-03T15:51:02","date_gmt":"2021-02-03T12:51:02","guid":{"rendered":"http:\/\/susemp2021.atauni.edu.tr\/?page_id=158"},"modified":"2021-02-03T23:02:40","modified_gmt":"2021-02-03T20:02:40","slug":"hakkimizda","status":"publish","type":"page","link":"https:\/\/susemp2021.atauni.edu.tr\/index.php\/hakkimizda\/","title":{"rendered":"Hakk\u0131m\u0131zda"},"content":{"rendered":"<p>[vc_row][vc_column width=&#8221;1\/3&#8243;][\/vc_column][vc_column width=&#8221;1\/3&#8243;][vc_single_image image=&#8221;156&#8243;][\/vc_column][vc_column width=&#8221;1\/3&#8243;][\/vc_column][\/vc_row][vc_row][vc_column][vc_column_text]<strong>ATAT\u00dcRK \u00dcN\u0130VERS\u0130TES\u0130 SU \u00dcR\u00dcNLER\u0130 FAK\u00dcLTES\u0130<\/strong><\/p>\n<p><strong>1989-2010 y\u0131llar\u0131 aras\u0131nda b\u00f6l\u00fcm 2010 y\u0131l\u0131ndan beride Fak\u00fclte olarak faaliyet g\u00f6steren birimimizin misyonu \u00dcniversitemizin \u201chayat\u0131n hizmetinde\u201d misyonu gere\u011fince su kaynaklar\u0131n\u0131n k\u00fclt\u00fcr bal\u0131k\u00e7\u0131l\u0131\u011f\u0131 y\u00f6n\u00fcnden de\u011ferlendirmesini yapmak, d\u00fcnya standartlar\u0131nda e\u011fitim ve \u00f6\u011fretim vermek. Su \u00fcr\u00fcnleri alan\u0131nda ya\u015fanan ekonomik ve sosyal sorunlara \u00e7\u00f6z\u00fcm \u00fcretebilecek donan\u0131ma sahip \u00f6\u011frenciler yeti\u015ftirmektir.<\/strong><\/p>\n<p>&nbsp;<\/p>\n<p><strong>E\u011fitim -\u00f6\u011fretim faaliyetlerine 17 Kas\u0131m 1958 y\u0131l\u0131nda ba\u015flayan \u00dcniversitemizin \u201cHep ileri\u201d vizyonu gere\u011fince gelecekte beklenen g\u0131da k\u0131tl\u0131\u011f\u0131na \u00e7\u00f6z\u00fcm bulmak \u00fczere mevcut t\u00fcrler \u00fczerinde verim artt\u0131r\u0131c\u0131 ARGE \u00e7al\u0131\u015fmalar\u0131 yapabilecek ve yeni sucul t\u00fcrleri k\u00fclt\u00fcre alarak s\u00fcrd\u00fcr\u00fclebilir \u00fcretime y\u00f6nelik faaliyetler d\u00fczenleyebilecek \u00f6\u011frenciler yeti\u015ftirmek.<\/strong>[\/vc_column_text][\/vc_column][\/vc_row]<\/p>\n","protected":false},"excerpt":{"rendered":"<p>[vc_row][vc_column width=&#8221;1\/3&#8243;][\/vc_column][vc_column width=&#8221;1\/3&#8243;][vc_single_image image=&#8221;156&#8243;][\/vc_column][vc_column width=&#8221;1\/3&#8243;][\/vc_column][\/vc_row][vc_row][vc_column][vc_column_text]ATAT\u00dcRK \u00dcN\u0130VERS\u0130TES\u0130 SU \u00dcR\u00dcNLER\u0130 FAK\u00dcLTES\u0130 1989-2010 y\u0131llar\u0131 aras\u0131nda b\u00f6l\u00fcm 2010 y\u0131l\u0131ndan beride Fak\u00fclte olarak faaliyet g\u00f6steren birimimizin misyonu \u00dcniversitemizin \u201chayat\u0131n hizmetinde\u201d misyonu gere\u011fince su kaynaklar\u0131n\u0131n k\u00fclt\u00fcr bal\u0131k\u00e7\u0131l\u0131\u011f\u0131 y\u00f6n\u00fcnden de\u011ferlendirmesini yapmak, d\u00fcnya standartlar\u0131nda e\u011fitim ve \u00f6\u011fretim vermek. Su \u00fcr\u00fcnleri alan\u0131nda ya\u015fanan ekonomik ve sosyal sorunlara \u00e7\u00f6z\u00fcm \u00fcretebilecek donan\u0131ma sahip \u00f6\u011frenciler yeti\u015ftirmektir. &nbsp; [&hellip;]<\/p>\n","protected":false},"author":1,"featured_media":0,"parent":0,"menu_order":0,"comment_status":"closed","ping_status":"closed","template":"","meta":{"footnotes":""},"class_list":["post-158","page","type-page","status-publish","hentry"],"_links":{"self":[{"href":"https:\/\/susemp2021.atauni.edu.tr\/index.php\/wp-json\/wp\/v2\/pages\/158","targetHints":{"allow":["GET"]}}],"collection":[{"href":"https:\/\/susemp2021.atauni.edu.tr\/index.php\/wp-json\/wp\/v2\/pages"}],"about":[{"href":"https:\/\/susemp2021.atauni.edu.tr\/index.php\/wp-json\/wp\/v2\/types\/page"}],"author":[{"embeddable":true,"href":"https:\/\/susemp2021.atauni.edu.tr\/index.php\/wp-json\/wp\/v2\/users\/1"}],"replies":[{"embeddable":true,"href":"https:\/\/susemp2021.atauni.edu.tr\/index.php\/wp-json\/wp\/v2\/comments?post=158"}],"version-history":[{"count":4,"href":"https:\/\/susemp2021.atauni.edu.tr\/index.php\/wp-json\/wp\/v2\/pages\/158\/revisions"}],"predecessor-version":[{"id":193,"href":"https:\/\/susemp2021.atauni.edu.tr\/index.php\/wp-json\/wp\/v2\/pages\/158\/revisions\/193"}],"wp:attachment":[{"href":"https:\/\/susemp2021.atauni.edu.tr\/index.php\/wp-json\/wp\/v2\/media?parent=158"}],"curies":[{"name":"wp","href":"https:\/\/api.w.org\/{rel}","templated":true}]}}