{"id":2,"date":"2021-02-03T14:52:09","date_gmt":"2021-02-03T11:52:09","guid":{"rendered":"http:\/\/susemp2021.atauni.edu.tr\/?page_id=2"},"modified":"2021-12-11T22:35:20","modified_gmt":"2021-12-11T19:35:20","slug":"ornek-sayfa","status":"publish","type":"page","link":"https:\/\/susemp2021.atauni.edu.tr\/index.php\/ornek-sayfa\/","title":{"rendered":"\u00d6rnek sayfa"},"content":{"rendered":"<p>[vc_row][vc_column][vc_column_text]<\/p>\n<div class=\"wpb_text_column wpb_content_element \">\n<div class=\"wpb_wrapper\">\n<div class=\"section-title wow fadeInUp\">\n<p>21. Ulusal Su \u00dcr\u00fcnleri Sempozyum program\u0131na, buradan ula\u015fabilirsiniz.<\/p>\n<\/div>\n<\/div>\n<\/div>\n<p><a href=\"http:\/\/susemp2021.atauni.edu.tr\/wp-content\/uploads\/2021\/11\/21.-ULUSAL-SU-URUNLERI-SEMPOZYUM-PROGRAMI.docx-1.pdf\">21. ULUSAL SU \u00dcR\u00dcNLER\u0130 SEMPOZYUM PROGRAMI.docx<\/a>[<\/p>\n<p>\/vc_column_text][\/vc_column][\/vc_row]<\/p>\n<p>Say\u0131n Kat\u0131l\u0131mc\u0131lar Sunumlar\u0131n\u0131z\u0131n Tam Metin Halini A\u015fa\u011f\u0131daki Rehberi Dikkate Alarak 15 Aral\u0131k 2021 Mesai Bitimine Kadar G\u00f6nderebilirsiniz.<\/p>\n<p><a href=\"http:\/\/susemp2021.atauni.edu.tr\/wp-content\/uploads\/2021\/11\/Tam-Metin-Bildiri-Hazirlama-Rehberi-ve-Sablonu.doc\">Tam-Metin-Bildiri-Haz\u0131rlama-Rehberi-ve-\u015eablonu<\/a><\/p>\n<p>&nbsp;<\/p>\n","protected":false},"excerpt":{"rendered":"<p>[vc_row][vc_column][vc_column_text] 21. Ulusal Su \u00dcr\u00fcnleri Sempozyum program\u0131na, buradan ula\u015fabilirsiniz. 21. ULUSAL SU \u00dcR\u00dcNLER\u0130 SEMPOZYUM PROGRAMI.docx[ \/vc_column_text][\/vc_column][\/vc_row] Say\u0131n Kat\u0131l\u0131mc\u0131lar Sunumlar\u0131n\u0131z\u0131n Tam Metin Halini A\u015fa\u011f\u0131daki Rehberi Dikkate Alarak 15 Aral\u0131k 2021 Mesai Bitimine Kadar G\u00f6nderebilirsiniz. Tam-Metin-Bildiri-Haz\u0131rlama-Rehberi-ve-\u015eablonu &nbsp;<\/p>\n","protected":false},"author":1,"featured_media":0,"parent":0,"menu_order":0,"comment_status":"closed","ping_status":"open","template":"","meta":{"footnotes":""},"class_list":["post-2","page","type-page","status-publish","hentry"],"_links":{"self":[{"href":"https:\/\/susemp2021.atauni.edu.tr\/index.php\/wp-json\/wp\/v2\/pages\/2","targetHints":{"allow":["GET"]}}],"collection":[{"href":"https:\/\/susemp2021.atauni.edu.tr\/index.php\/wp-json\/wp\/v2\/pages"}],"about":[{"href":"https:\/\/susemp2021.atauni.edu.tr\/index.php\/wp-json\/wp\/v2\/types\/page"}],"author":[{"embeddable":true,"href":"https:\/\/susemp2021.atauni.edu.tr\/index.php\/wp-json\/wp\/v2\/users\/1"}],"replies":[{"embeddable":true,"href":"https:\/\/susemp2021.atauni.edu.tr\/index.php\/wp-json\/wp\/v2\/comments?post=2"}],"version-history":[{"count":18,"href":"https:\/\/susemp2021.atauni.edu.tr\/index.php\/wp-json\/wp\/v2\/pages\/2\/revisions"}],"predecessor-version":[{"id":309,"href":"https:\/\/susemp2021.atauni.edu.tr\/index.php\/wp-json\/wp\/v2\/pages\/2\/revisions\/309"}],"wp:attachment":[{"href":"https:\/\/susemp2021.atauni.edu.tr\/index.php\/wp-json\/wp\/v2\/media?parent=2"}],"curies":[{"name":"wp","href":"https:\/\/api.w.org\/{rel}","templated":true}]}}