{"id":202,"date":"2021-02-03T23:15:07","date_gmt":"2021-02-03T20:15:07","guid":{"rendered":"http:\/\/susemp2021.atauni.edu.tr\/?page_id=202"},"modified":"2021-11-11T23:54:00","modified_gmt":"2021-11-11T20:54:00","slug":"duzenleme-kurulu","status":"publish","type":"page","link":"https:\/\/susemp2021.atauni.edu.tr\/index.php\/duzenleme-kurulu\/","title":{"rendered":"<strong>D\u00dcZENLEME KURULU<\/strong>"},"content":{"rendered":"<p>[vc_row][vc_column][vc_column_text][vc_row][vc_column width=&#8221;1\/1&#8243;][vc_column_text]<\/p>\n<p><strong>D\u00dcZENLEME KURULU BA\u015eKANI<\/strong><\/p>\n<p>Prof. Dr. Telat YANIK-Atat\u00fcrk \u00dcniversitesi<\/p>\n<p><strong>D\u00dcZENLEME KURULU<\/strong><\/p>\n<p>Prof. Dr. Abdulkadir BAYIR-Atat\u00fcrk \u00dcniversitesi<\/p>\n<p>Prof. Dr. Gonca ALAK-Atat\u00fcrk \u00dcniversitesi<\/p>\n<p>Prof. Dr. Muhammed ATAMANALP-Atat\u00fcrk \u00dcniversitesi<\/p>\n<p>Prof. Dr. Murat ARSLAN-Atat\u00fcrk \u00dcniversitesi<\/p>\n<p>Prof. Dr. Saltuk Bu\u011frahan CEYHUN-Atat\u00fcrk \u00dcniversitesi<\/p>\n<p>Do\u00e7.Dr. Adem KAYA-Atat\u00fcrk \u00dcniversitesi<\/p>\n<p>Do\u00e7. Dr. Adem Yavuz S\u00d6NMEZ-Kastamonu \u00dcniversitesi<\/p>\n<p>Do\u00e7. Dr. Ahmet TOPAL-Atat\u00fcrk \u00dcniversitesi<\/p>\n<p>Do\u00e7. Dr. Arzu U\u00c7AR-Atat\u00fcrk \u00dcniversitesi<\/p>\n<p>Do\u00e7. Dr. Beyhan KOCADA\u011eISTAN-Atat\u00fcrk \u00dcniversitesi<\/p>\n<p>Do\u00e7. Dr. G\u00f6khan \u00d6MERO\u011eLU-Atat\u00fcrk \u00dcniversitesi<\/p>\n<p>Do\u00e7. Dr. Harun ARSLAN-Atat\u00fcrk \u00dcniversitesi<\/p>\n<p>Do\u00e7. Dr. Nejdet G\u00dcLTEPE-Atat\u00fcrk \u00dcniversitesi<\/p>\n<p>Do\u00e7. Dr. \u00d6zden FAKIO\u011eLU-Atat\u00fcrk \u00dcniversitesi<\/p>\n<p>Do\u00e7. Dr. Serdar BEKTA\u015e-Atat\u00fcrk \u00dcniversitesi<\/p>\n<p>Do\u00e7. Dr. Tayfun KARATA\u015e-A\u011fr\u0131 \u0130brahim \u00c7e\u00e7en \u00dcniversitesi<\/p>\n<p>Do\u00e7. Dr. Veysel PARLAK-Atat\u00fcrk \u00dcniversitesi<\/p>\n<p>Do\u00e7.Dr. Muammer KIRICI-Bing\u00f6l \u00dcniversitesi<\/p>\n<p>Dr. \u00d6\u011fr. \u00dcyesi Esat Mahmut KOCAMAN-Atat\u00fcrk \u00dcniversitesi<\/p>\n<p>Dr. \u00d6\u011fr. \u00dcyesi G\u00f6khan ARSLAN-Atat\u00fcrk \u00dcniversitesi<\/p>\n<p>Dr. \u00d6\u011fr. \u00dcyesi P\u0131nar O\u011eUZHAN YILDIZ-Atat\u00fcrk \u00dcniversitesi<\/p>\n<p>Ar\u015f. G\u00f6r. Fatih KORKMAZ-Atat\u00fcrk \u00dcniversitesi<\/p>\n<p>Ar\u015f. G\u00f6r. Sinan \u00d6ZCAN-Atat\u00fcrk \u00dcniversitesi<\/p>\n<p><strong>B\u0130L\u0130M KURULU<\/strong><\/p>\n<p>Prof. Dr. Ali Muzaffer FEYZ\u0130O\u011eLU-Karadeniz Teknik \u00dcniversitesi<\/p>\n<p>Prof. Dr. Ay\u015feg\u00fcl KUB\u0130LAY-Isparta Uygulamal\u0131 Bilimler \u00dcniversitesi<\/p>\n<p>Prof. Dr. Celal ATE\u015e-Mu\u011fla S\u0131tk\u0131 Ko\u00e7man \u00dcniversitesi<\/p>\n<p>Prof. Dr. Deniz \u00c7OBAN-Ayd\u0131n Adnan Menderes \u00dcniversitesi<\/p>\n<p>Prof. Dr. Ekrem \u015eanver \u00c7EL\u0130K-\u00c7anakkale Onsekiz Mart \u00dcniversitesi<\/p>\n<p>Prof. Dr. Faz\u0131l \u015eEN-Van Y\u00fcz\u00fcnc\u00fc Y\u0131l \u00dcniversitesi<\/p>\n<p>Prof. Dr. Giuliana PARISI-University of Florence<\/p>\n<p>Prof. Dr. G\u00f6ktu\u011f DALGI\u00c7-Recep Tayyip Erdo\u011fan \u00dcniversitesi<\/p>\n<p>Prof. Dr. G\u00fcl\u015fen ALTU\u011e-\u0130stanbul \u00dcniversitesi<\/p>\n<p>Prof. Dr.Halit F\u0130L\u0130Z- Mu\u011fla S\u0131tk\u0131 Kocaman \u00dcniversitesi<\/p>\n<p>Prof. Dr. Hasan H\u00fcseyin ATAR-Ankara \u00dcniversitesi<\/p>\n<p>Prof. Dr. Mahmut ELP-Kastamonu \u00dcniversitesi<\/p>\n<p>Prof. Dr. H\u00fclya TURAN-Sinop \u00dcniversitesi<\/p>\n<p>Pof. Dr.\u00a0 \u0130brahim D\u0130LER-Isparta Uygulamal\u0131 Bilimler \u00dcniversitesi<\/p>\n<p>Prof. Dr. Jale KORUN-Akdeniz \u00dcniversitesi<\/p>\n<p>Prof. Dr. Mahmut Ali G\u00d6K\u00c7E-\u00c7ukurova \u00dcniversitesi<\/p>\n<p>Prof. Dr. Mahmut ELP-Kastamonu \u00dcniversitesi<\/p>\n<p>Prof. Dr. Mehmet Cengiz DEVAL-Akdeniz \u00dcniversitesi<\/p>\n<p>Prof. Dr.\u00a0Mehmet KARATA\u015e-Necmettin Erbakan \u00dcniversitesi<\/p>\n<p>Prof. Dr. Mehmet Tahir ALP-Mersin \u00dcniversitesi<\/p>\n<p>Prof. Dr. Mehmet TOPAL-Amasya \u00dcniversitesi<\/p>\n<p>Prof. Dr. Melek \u0130\u015e\u0130NB\u0130L\u0130R OKYAR- \u0130stanbul \u00dcniversitesi<\/p>\n<p>Prof. Dr. Metin \u00c7ALTA-F\u0131rat \u00dcniversitesi<\/p>\n<p>Prof. Dr. Mevl\u00fct AKTA\u015e-\u0130skenderun Teknik \u00dcniversitesi<\/p>\n<p>Prof. Dr. Mine UZB\u0130LEK-K\u0131rka\u011fa\u00e7 Ankara \u00dcniversitesi<\/p>\n<p>Prof. Dr. Mustafa D\u00d6R\u00dcC\u00dc-Munzur \u00dcniversitesi<\/p>\n<p>Prof. Dr. Mustafa SARI-Band\u0131rma Onyedi Eyl\u00fcl \u00dcniversitesi<\/p>\n<p>Prof. Dr. Orhan Tufan EROLDO\u011eAN-\u00c7ukurova \u00dcniversitesi<\/p>\n<p>Prof. Dr. Ramazan \u015eEV\u0130K-Afyon Kocatepe \u00dcniversitesi<\/p>\n<p>Prof. Dr. Sevgi SAVA\u015e-Isparta Uygulamal\u0131 Bilimler \u00dcniversitesi<\/p>\n<p>Prof. Dr. Seyit AYDIN-Ankara Y\u0131ld\u0131r\u0131m Beyaz\u0131t \u00dcniversitesi<\/p>\n<p>Prof. Dr. Talip \u00c7ETER-Kastamonu \u00dcniversitesi<\/p>\n<p>Prof. Dr. Telat YANIK-Atat\u00fcrk \u00dcniversitesi<\/p>\n<p>Prof. Dr. Tevfik Tansel TANRIKUL-\u0130zmir K\u00e2tip \u00c7elebi \u00dcniversitesi<\/p>\n<p>Prof. Dr. U\u011fur SUNLU-Ege \u00dcniversitesi<\/p>\n<p>Do\u00e7. Dr. Anca SUTAN-Pitesti University<\/p>\n<p>Do\u00e7. Dr. Ekrem MUTLU-Kastamonu \u00dcniversitesi<\/p>\n<p>Do\u00e7. Dr. \u0130lhan AYDIN-Tar\u0131msal Ara\u015ft\u0131rmalar ve Politikalar Genel M\u00fcd\u00fcrl\u00fc\u011f\u00fc<\/p>\n<p>Do\u00e7 Dr. Mahir KANYILMAZ-Tar\u0131m ve Orman Bakanl\u0131\u011f\u0131 Bal\u0131k\u00e7\u0131l\u0131k ve Su \u00dcr\u00fcnleri Genel M\u00fcd\u00fcrl\u00fc\u011f\u00fc<\/p>\n<p>Do\u00e7. Dr. Soner B\u0130LEN-Kastamonu \u00dcniversitesi<\/p>\n<p>\u00d6\u011fr.Grv.Dr.Azize AT\u0130K- Afyon Kocatepe \u00dcniversitesi<\/p>\n<p>\u00d6\u011fr.Grv.Dr. \u0130lker AT\u0130K- Afyon Kocatepe \u00dcniversitesi<\/p>\n<p>Dr. Gheorghe Cristian POPESCU-Pitesti University<\/p>\n<p>Dr. Mustafa Altu\u011f ATALAY-Tar\u0131m ve Orman Bakanl\u0131\u011f\u0131 Bal\u0131k\u00e7\u0131l\u0131k ve Su \u00dcr\u00fcnleri Genel M\u00fcd\u00fcrl\u00fc\u011f\u00fc<\/p>\n<p>Dr. Eren AK\u00c7\u0130\u00c7EK -Ege \u00dcniversitesi (Emekli)<\/p>\n<p>Do\u00e7. Dr.Semih KALE &#8211; \u00c7anakkkale 18 Mart \u00dcniversitesi<\/p>\n<p>Mehmet Nuri YILMAZ-Tar\u0131m Ve Orman Bakanl\u0131\u011f\u0131 Bal\u0131k\u00e7\u0131l\u0131k ve Su \u00dcr\u00fcnleri Genel M\u00fcd\u00fcrl\u00fc\u011f\u00fc<\/p>\n<p>[\/vc_column_text][\/vc_column][\/vc_row]<\/p>\n","protected":false},"excerpt":{"rendered":"<p>[vc_row][vc_column][vc_column_text][vc_row][vc_column width=&#8221;1\/1&#8243;][vc_column_text] D\u00dcZENLEME KURULU BA\u015eKANI Prof. Dr. Telat YANIK-Atat\u00fcrk \u00dcniversitesi D\u00dcZENLEME KURULU Prof. Dr. Abdulkadir BAYIR-Atat\u00fcrk \u00dcniversitesi Prof. Dr. Gonca ALAK-Atat\u00fcrk \u00dcniversitesi Prof. Dr. Muhammed ATAMANALP-Atat\u00fcrk \u00dcniversitesi Prof. Dr. Murat ARSLAN-Atat\u00fcrk \u00dcniversitesi Prof. Dr. Saltuk Bu\u011frahan CEYHUN-Atat\u00fcrk \u00dcniversitesi Do\u00e7.Dr. Adem KAYA-Atat\u00fcrk \u00dcniversitesi Do\u00e7. Dr. Adem Yavuz S\u00d6NMEZ-Kastamonu \u00dcniversitesi Do\u00e7. Dr. Ahmet TOPAL-Atat\u00fcrk \u00dcniversitesi Do\u00e7. Dr. [&hellip;]<\/p>\n","protected":false},"author":1,"featured_media":0,"parent":0,"menu_order":0,"comment_status":"closed","ping_status":"closed","template":"","meta":{"footnotes":""},"class_list":["post-202","page","type-page","status-publish","hentry"],"_links":{"self":[{"href":"https:\/\/susemp2021.atauni.edu.tr\/index.php\/wp-json\/wp\/v2\/pages\/202","targetHints":{"allow":["GET"]}}],"collection":[{"href":"https:\/\/susemp2021.atauni.edu.tr\/index.php\/wp-json\/wp\/v2\/pages"}],"about":[{"href":"https:\/\/susemp2021.atauni.edu.tr\/index.php\/wp-json\/wp\/v2\/types\/page"}],"author":[{"embeddable":true,"href":"https:\/\/susemp2021.atauni.edu.tr\/index.php\/wp-json\/wp\/v2\/users\/1"}],"replies":[{"embeddable":true,"href":"https:\/\/susemp2021.atauni.edu.tr\/index.php\/wp-json\/wp\/v2\/comments?post=202"}],"version-history":[{"count":26,"href":"https:\/\/susemp2021.atauni.edu.tr\/index.php\/wp-json\/wp\/v2\/pages\/202\/revisions"}],"predecessor-version":[{"id":314,"href":"https:\/\/susemp2021.atauni.edu.tr\/index.php\/wp-json\/wp\/v2\/pages\/202\/revisions\/314"}],"wp:attachment":[{"href":"https:\/\/susemp2021.atauni.edu.tr\/index.php\/wp-json\/wp\/v2\/media?parent=202"}],"curies":[{"name":"wp","href":"https:\/\/api.w.org\/{rel}","templated":true}]}}